{"id":21525,"date":"2025-02-11T10:59:01","date_gmt":"2025-02-11T10:59:01","guid":{"rendered":"https:\/\/deliladesign.com\/?post_type=product&#038;p=21525"},"modified":"2025-10-27T19:23:19","modified_gmt":"2025-10-27T19:23:19","slug":"kostum-channel","status":"publish","type":"product","link":"https:\/\/deliladesign.com\/index.php\/product\/kostum-channel\/","title":{"rendered":"The Coco Set"},"content":{"rendered":"<blockquote><p>&nbsp;<\/p><\/blockquote>\n","protected":false},"excerpt":{"rendered":"<p data-start=\"113\" data-end=\"375\">Zbuloni p\u00ebrkryerjen e klasit dhe stilit me \u201eKostum Channel\u201c \u2013 nj\u00eb set t\u00eb rafinuar q\u00eb p\u00ebrmbledh eleganc\u00ebn e nj\u00eb xhakete t\u00eb shkurt\u00ebr me kapak\u00eb xhepa dekorues dhe kopsa n\u00eb ngjyr\u00eb ari, s\u00eb bashku me nj\u00eb fund t\u00eb l\u00ebmuar me astar, q\u00eb p\u00ebr\u00e7on besueshm\u00ebri dhe sofisticim.<\/p>\n<p data-start=\"382\" data-end=\"588\">Kjo kombinim i detajeve t\u00eb dizajnit \u2013 nga xhaketa moderne me kapak\u00eb xhepa e deri te fundi me finisazhin e brendsh\u00ebm \u2013 krijon nj\u00eb siluet\u00eb t\u00eb strukturuar, ideale p\u00ebr dit\u00eb pune, takime apo evente t\u00eb ve\u00e7anta.<\/p>\n<p data-start=\"595\" data-end=\"750\">Tregoni stilin tuaj unik me k\u00ebt\u00eb kostum q\u00eb e ruan eleganc\u00ebn klasike, nd\u00ebrsa ju dhuron komfortin dhe vet\u00ebbesimin p\u00ebr t\u00eb shfaqur veten n\u00eb m\u00ebnyr\u00ebn m\u00eb t\u00eb mir\u00eb.<\/p>\n","protected":false},"featured_media":21537,"comment_status":"open","ping_status":"closed","template":"","meta":[],"product_brand":[],"product_cat":[15,143],"product_tag":[],"location":[],"class_list":{"0":"post-21525","1":"product","2":"type-product","3":"status-publish","4":"has-post-thumbnail","6":"product_cat-uncategorized","7":"product_cat-costumes","8":"ninetheme_product_brands-design-by-delilah","9":"nt-post-class","10":"","16":"first","17":"instock","18":"taxable","19":"shipping-taxable","20":"purchasable","21":"product-type-simple"},"yoast_head":"<!-- This site is optimized with the Yoast SEO plugin v26.2 - https:\/\/yoast.com\/wordpress\/plugins\/seo\/ -->\n<title>The Coco Set - Design by Delilah<\/title>\n<meta name=\"robots\" content=\"index, follow, max-snippet:-1, max-image-preview:large, max-video-preview:-1\" \/>\n<link rel=\"canonical\" href=\"https:\/\/deliladesign.com\/index.php\/product\/kostum-channel\/\" \/>\n<meta property=\"og:locale\" content=\"en_US\" \/>\n<meta property=\"og:type\" content=\"article\" \/>\n<meta property=\"og:title\" content=\"The Coco Set - Design by Delilah\" \/>\n<meta property=\"og:description\" content=\"Zbuloni p\u00ebrkryerjen e klasit dhe stilit me \u201eKostum Channel\u201c \u2013 nj\u00eb set t\u00eb rafinuar q\u00eb p\u00ebrmbledh eleganc\u00ebn e nj\u00eb xhakete t\u00eb shkurt\u00ebr me kapak\u00eb xhepa dekorues dhe kopsa n\u00eb ngjyr\u00eb ari, s\u00eb bashku me nj\u00eb fund t\u00eb l\u00ebmuar me astar, q\u00eb p\u00ebr\u00e7on besueshm\u00ebri dhe sofisticim. Kjo kombinim i detajeve t\u00eb dizajnit \u2013 nga xhaketa moderne me kapak\u00eb xhepa e deri te fundi me finisazhin e brendsh\u00ebm \u2013 krijon nj\u00eb siluet\u00eb t\u00eb strukturuar, ideale p\u00ebr dit\u00eb pune, takime apo evente t\u00eb ve\u00e7anta. Tregoni stilin tuaj unik me k\u00ebt\u00eb kostum q\u00eb e ruan eleganc\u00ebn klasike, nd\u00ebrsa ju dhuron komfortin dhe vet\u00ebbesimin p\u00ebr t\u00eb shfaqur veten n\u00eb m\u00ebnyr\u00ebn m\u00eb t\u00eb mir\u00eb.\" \/>\n<meta property=\"og:url\" content=\"https:\/\/deliladesign.com\/index.php\/product\/kostum-channel\/\" \/>\n<meta property=\"og:site_name\" content=\"Design by Delilah\" \/>\n<meta property=\"article:modified_time\" content=\"2025-10-27T19:23:19+00:00\" \/>\n<meta property=\"og:image\" content=\"https:\/\/deliladesign.com\/wp-content\/uploads\/2025\/02\/8a00bd8f-929f-478d-8ef6-29cb17a301ea.jpeg\" \/>\n\t<meta property=\"og:image:width\" content=\"842\" \/>\n\t<meta property=\"og:image:height\" content=\"1600\" \/>\n\t<meta property=\"og:image:type\" content=\"image\/jpeg\" \/>\n<meta name=\"twitter:card\" content=\"summary_large_image\" \/>\n<meta name=\"twitter:label1\" content=\"Est. reading time\" \/>\n\t<meta name=\"twitter:data1\" content=\"1 minute\" \/>\n<script type=\"application\/ld+json\" class=\"yoast-schema-graph\">{\"@context\":\"https:\/\/schema.org\",\"@graph\":[{\"@type\":\"WebPage\",\"@id\":\"https:\/\/deliladesign.com\/index.php\/product\/kostum-channel\/\",\"url\":\"https:\/\/deliladesign.com\/index.php\/product\/kostum-channel\/\",\"name\":\"The Coco Set - Design by Delilah\",\"isPartOf\":{\"@id\":\"https:\/\/deliladesign.com\/#website\"},\"primaryImageOfPage\":{\"@id\":\"https:\/\/deliladesign.com\/index.php\/product\/kostum-channel\/#primaryimage\"},\"image\":{\"@id\":\"https:\/\/deliladesign.com\/index.php\/product\/kostum-channel\/#primaryimage\"},\"thumbnailUrl\":\"https:\/\/deliladesign.com\/wp-content\/uploads\/2025\/02\/8a00bd8f-929f-478d-8ef6-29cb17a301ea.jpeg\",\"datePublished\":\"2025-02-11T10:59:01+00:00\",\"dateModified\":\"2025-10-27T19:23:19+00:00\",\"breadcrumb\":{\"@id\":\"https:\/\/deliladesign.com\/index.php\/product\/kostum-channel\/#breadcrumb\"},\"inLanguage\":\"en-US\",\"potentialAction\":[{\"@type\":\"ReadAction\",\"target\":[\"https:\/\/deliladesign.com\/index.php\/product\/kostum-channel\/\"]}]},{\"@type\":\"ImageObject\",\"inLanguage\":\"en-US\",\"@id\":\"https:\/\/deliladesign.com\/index.php\/product\/kostum-channel\/#primaryimage\",\"url\":\"https:\/\/deliladesign.com\/wp-content\/uploads\/2025\/02\/8a00bd8f-929f-478d-8ef6-29cb17a301ea.jpeg\",\"contentUrl\":\"https:\/\/deliladesign.com\/wp-content\/uploads\/2025\/02\/8a00bd8f-929f-478d-8ef6-29cb17a301ea.jpeg\",\"width\":842,\"height\":1600},{\"@type\":\"BreadcrumbList\",\"@id\":\"https:\/\/deliladesign.com\/index.php\/product\/kostum-channel\/#breadcrumb\",\"itemListElement\":[{\"@type\":\"ListItem\",\"position\":1,\"name\":\"Home\",\"item\":\"https:\/\/deliladesign.com\/\"},{\"@type\":\"ListItem\",\"position\":2,\"name\":\"Shop\",\"item\":\"https:\/\/deliladesign.com\/index.php\/shop\/\"},{\"@type\":\"ListItem\",\"position\":3,\"name\":\"The Coco Set\"}]},{\"@type\":\"WebSite\",\"@id\":\"https:\/\/deliladesign.com\/#website\",\"url\":\"https:\/\/deliladesign.com\/\",\"name\":\"Delila Design\",\"description\":\"Your dreams come true with us\",\"publisher\":{\"@id\":\"https:\/\/deliladesign.com\/#organization\"},\"potentialAction\":[{\"@type\":\"SearchAction\",\"target\":{\"@type\":\"EntryPoint\",\"urlTemplate\":\"https:\/\/deliladesign.com\/?s={search_term_string}\"},\"query-input\":{\"@type\":\"PropertyValueSpecification\",\"valueRequired\":true,\"valueName\":\"search_term_string\"}}],\"inLanguage\":\"en-US\"},{\"@type\":\"Organization\",\"@id\":\"https:\/\/deliladesign.com\/#organization\",\"name\":\"Delila Design\",\"url\":\"https:\/\/deliladesign.com\/\",\"logo\":{\"@type\":\"ImageObject\",\"inLanguage\":\"en-US\",\"@id\":\"https:\/\/deliladesign.com\/#\/schema\/logo\/image\/\",\"url\":\"https:\/\/deliladesign.com\/wp-content\/uploads\/2024\/10\/logo-delila.jpg\",\"contentUrl\":\"https:\/\/deliladesign.com\/wp-content\/uploads\/2024\/10\/logo-delila.jpg\",\"width\":547,\"height\":675,\"caption\":\"Delila Design\"},\"image\":{\"@id\":\"https:\/\/deliladesign.com\/#\/schema\/logo\/image\/\"}}]}<\/script>\n<!-- \/ Yoast SEO plugin. -->","yoast_head_json":{"title":"The Coco Set - Design by Delilah","robots":{"index":"index","follow":"follow","max-snippet":"max-snippet:-1","max-image-preview":"max-image-preview:large","max-video-preview":"max-video-preview:-1"},"canonical":"https:\/\/deliladesign.com\/index.php\/product\/kostum-channel\/","og_locale":"en_US","og_type":"article","og_title":"The Coco Set - Design by Delilah","og_description":"Zbuloni p\u00ebrkryerjen e klasit dhe stilit me \u201eKostum Channel\u201c \u2013 nj\u00eb set t\u00eb rafinuar q\u00eb p\u00ebrmbledh eleganc\u00ebn e nj\u00eb xhakete t\u00eb shkurt\u00ebr me kapak\u00eb xhepa dekorues dhe kopsa n\u00eb ngjyr\u00eb ari, s\u00eb bashku me nj\u00eb fund t\u00eb l\u00ebmuar me astar, q\u00eb p\u00ebr\u00e7on besueshm\u00ebri dhe sofisticim. Kjo kombinim i detajeve t\u00eb dizajnit \u2013 nga xhaketa moderne me kapak\u00eb xhepa e deri te fundi me finisazhin e brendsh\u00ebm \u2013 krijon nj\u00eb siluet\u00eb t\u00eb strukturuar, ideale p\u00ebr dit\u00eb pune, takime apo evente t\u00eb ve\u00e7anta. Tregoni stilin tuaj unik me k\u00ebt\u00eb kostum q\u00eb e ruan eleganc\u00ebn klasike, nd\u00ebrsa ju dhuron komfortin dhe vet\u00ebbesimin p\u00ebr t\u00eb shfaqur veten n\u00eb m\u00ebnyr\u00ebn m\u00eb t\u00eb mir\u00eb.","og_url":"https:\/\/deliladesign.com\/index.php\/product\/kostum-channel\/","og_site_name":"Design by Delilah","article_modified_time":"2025-10-27T19:23:19+00:00","og_image":[{"width":842,"height":1600,"url":"https:\/\/deliladesign.com\/wp-content\/uploads\/2025\/02\/8a00bd8f-929f-478d-8ef6-29cb17a301ea.jpeg","type":"image\/jpeg"}],"twitter_card":"summary_large_image","twitter_misc":{"Est. reading time":"1 minute"},"schema":{"@context":"https:\/\/schema.org","@graph":[{"@type":"WebPage","@id":"https:\/\/deliladesign.com\/index.php\/product\/kostum-channel\/","url":"https:\/\/deliladesign.com\/index.php\/product\/kostum-channel\/","name":"The Coco Set - Design by Delilah","isPartOf":{"@id":"https:\/\/deliladesign.com\/#website"},"primaryImageOfPage":{"@id":"https:\/\/deliladesign.com\/index.php\/product\/kostum-channel\/#primaryimage"},"image":{"@id":"https:\/\/deliladesign.com\/index.php\/product\/kostum-channel\/#primaryimage"},"thumbnailUrl":"https:\/\/deliladesign.com\/wp-content\/uploads\/2025\/02\/8a00bd8f-929f-478d-8ef6-29cb17a301ea.jpeg","datePublished":"2025-02-11T10:59:01+00:00","dateModified":"2025-10-27T19:23:19+00:00","breadcrumb":{"@id":"https:\/\/deliladesign.com\/index.php\/product\/kostum-channel\/#breadcrumb"},"inLanguage":"en-US","potentialAction":[{"@type":"ReadAction","target":["https:\/\/deliladesign.com\/index.php\/product\/kostum-channel\/"]}]},{"@type":"ImageObject","inLanguage":"en-US","@id":"https:\/\/deliladesign.com\/index.php\/product\/kostum-channel\/#primaryimage","url":"https:\/\/deliladesign.com\/wp-content\/uploads\/2025\/02\/8a00bd8f-929f-478d-8ef6-29cb17a301ea.jpeg","contentUrl":"https:\/\/deliladesign.com\/wp-content\/uploads\/2025\/02\/8a00bd8f-929f-478d-8ef6-29cb17a301ea.jpeg","width":842,"height":1600},{"@type":"BreadcrumbList","@id":"https:\/\/deliladesign.com\/index.php\/product\/kostum-channel\/#breadcrumb","itemListElement":[{"@type":"ListItem","position":1,"name":"Home","item":"https:\/\/deliladesign.com\/"},{"@type":"ListItem","position":2,"name":"Shop","item":"https:\/\/deliladesign.com\/index.php\/shop\/"},{"@type":"ListItem","position":3,"name":"The Coco Set"}]},{"@type":"WebSite","@id":"https:\/\/deliladesign.com\/#website","url":"https:\/\/deliladesign.com\/","name":"Delila Design","description":"Your dreams come true with us","publisher":{"@id":"https:\/\/deliladesign.com\/#organization"},"potentialAction":[{"@type":"SearchAction","target":{"@type":"EntryPoint","urlTemplate":"https:\/\/deliladesign.com\/?s={search_term_string}"},"query-input":{"@type":"PropertyValueSpecification","valueRequired":true,"valueName":"search_term_string"}}],"inLanguage":"en-US"},{"@type":"Organization","@id":"https:\/\/deliladesign.com\/#organization","name":"Delila Design","url":"https:\/\/deliladesign.com\/","logo":{"@type":"ImageObject","inLanguage":"en-US","@id":"https:\/\/deliladesign.com\/#\/schema\/logo\/image\/","url":"https:\/\/deliladesign.com\/wp-content\/uploads\/2024\/10\/logo-delila.jpg","contentUrl":"https:\/\/deliladesign.com\/wp-content\/uploads\/2024\/10\/logo-delila.jpg","width":547,"height":675,"caption":"Delila Design"},"image":{"@id":"https:\/\/deliladesign.com\/#\/schema\/logo\/image\/"}}]}},"_links":{"self":[{"href":"https:\/\/deliladesign.com\/index.php\/wp-json\/wp\/v2\/product\/21525","targetHints":{"allow":["GET"]}}],"collection":[{"href":"https:\/\/deliladesign.com\/index.php\/wp-json\/wp\/v2\/product"}],"about":[{"href":"https:\/\/deliladesign.com\/index.php\/wp-json\/wp\/v2\/types\/product"}],"replies":[{"embeddable":true,"href":"https:\/\/deliladesign.com\/index.php\/wp-json\/wp\/v2\/comments?post=21525"}],"version-history":[{"count":2,"href":"https:\/\/deliladesign.com\/index.php\/wp-json\/wp\/v2\/product\/21525\/revisions"}],"predecessor-version":[{"id":21893,"href":"https:\/\/deliladesign.com\/index.php\/wp-json\/wp\/v2\/product\/21525\/revisions\/21893"}],"wp:featuredmedia":[{"embeddable":true,"href":"https:\/\/deliladesign.com\/index.php\/wp-json\/wp\/v2\/media\/21537"}],"wp:attachment":[{"href":"https:\/\/deliladesign.com\/index.php\/wp-json\/wp\/v2\/media?parent=21525"}],"wp:term":[{"taxonomy":"product_brand","embeddable":true,"href":"https:\/\/deliladesign.com\/index.php\/wp-json\/wp\/v2\/product_brand?post=21525"},{"taxonomy":"product_cat","embeddable":true,"href":"https:\/\/deliladesign.com\/index.php\/wp-json\/wp\/v2\/product_cat?post=21525"},{"taxonomy":"product_tag","embeddable":true,"href":"https:\/\/deliladesign.com\/index.php\/wp-json\/wp\/v2\/product_tag?post=21525"},{"taxonomy":"location","embeddable":true,"href":"https:\/\/deliladesign.com\/index.php\/wp-json\/wp\/v2\/location?post=21525"}],"curies":[{"name":"wp","href":"https:\/\/api.w.org\/{rel}","templated":true}]}}