{"id":21897,"date":"2026-04-08T15:19:16","date_gmt":"2026-04-08T15:19:16","guid":{"rendered":"https:\/\/deliladesign.com\/?post_type=product&#038;p=21897"},"modified":"2026-04-08T15:19:17","modified_gmt":"2026-04-08T15:19:17","slug":"midnight-abaya","status":"publish","type":"product","link":"https:\/\/deliladesign.com\/index.php\/product\/midnight-abaya\/","title":{"rendered":"Midnight abaya"},"content":{"rendered":"","protected":false},"excerpt":{"rendered":"<p>Butterfly abaya<\/p>\n<p>Nj\u00eb fustan q\u00eb mish\u00ebron eleganc\u00ebn e past\u00ebr dhe fines\u00ebn moderne. Noir Grace \u00ebsht\u00eb dizenjuar p\u00ebr femr\u00ebn q\u00eb k\u00ebrkon t\u00eb ndihet e rafinuar pa b\u00ebr\u00eb kompromis me rehatin\u00eb dhe modestin\u00eb.<\/p>\n<p>Me nj\u00eb prerje fluide q\u00eb rrjedh natyrsh\u00ebm mbi trup, dhe m\u00ebng\u00eb t\u00eb gjera q\u00eb krijojn\u00eb nj\u00eb siluet\u00eb t\u00eb ve\u00e7ant\u00eb, ky model sjell nj\u00eb kombinim perfekt mes thjesht\u00ebsis\u00eb dhe luksit. P\u00eblhura me shk\u00eblqim t\u00eb leht\u00eb reflekton drit\u00ebn n\u00eb m\u00ebnyr\u00eb delikate, duke i dh\u00ebn\u00eb fustanit nj\u00eb pamje elegante n\u00eb \u00e7do l\u00ebvizje.<\/p>\n<p>Ideal p\u00ebr evente speciale, darka elegante apo dalje ku d\u00ebshiron t\u00eb biesh n\u00eb sy n\u00eb m\u00ebnyr\u00eb t\u00eb sofistikuar.<\/p>\n<p>Detaje:<\/p>\n<ul>\n<li>Ngjyr\u00eb: E zez\u00eb klasike<\/li>\n<li>Prerje e lirshme dhe elegante<\/li>\n<li>M\u00ebng\u00eb t\u00eb gjera p\u00ebr efekt dramatik<\/li>\n<li>P\u00eblhur\u00eb e but\u00eb me shk\u00eblqim subtil<\/li>\n<li>E p\u00ebrshtatshme p\u00ebr evente dhe raste speciale<\/li>\n<\/ul>\n","protected":false},"featured_media":21900,"comment_status":"closed","ping_status":"closed","template":"","meta":[],"product_brand":[],"product_cat":[15,145,141],"product_tag":[],"location":[],"class_list":{"0":"post-21897","1":"product","2":"type-product","3":"status-publish","4":"has-post-thumbnail","6":"product_cat-uncategorized","7":"product_cat-casual-dresses","8":"product_cat-modest","9":"ninetheme_product_brands-design-by-delilah","10":"nt-post-class","11":"","17":"first","18":"instock","19":"taxable","20":"shipping-taxable","21":"purchasable","22":"product-type-simple"},"yoast_head":"<!-- This site is optimized with the Yoast SEO plugin v26.2 - https:\/\/yoast.com\/wordpress\/plugins\/seo\/ -->\n<title>Midnight abaya - Design by Delilah<\/title>\n<meta name=\"robots\" content=\"index, follow, max-snippet:-1, max-image-preview:large, max-video-preview:-1\" \/>\n<link rel=\"canonical\" href=\"https:\/\/deliladesign.com\/index.php\/product\/midnight-abaya\/\" \/>\n<meta property=\"og:locale\" content=\"en_US\" \/>\n<meta property=\"og:type\" content=\"article\" \/>\n<meta property=\"og:title\" content=\"Midnight abaya - Design by Delilah\" \/>\n<meta property=\"og:description\" content=\"Butterfly abaya  Nj\u00eb fustan q\u00eb mish\u00ebron eleganc\u00ebn e past\u00ebr dhe fines\u00ebn moderne. Noir Grace \u00ebsht\u00eb dizenjuar p\u00ebr femr\u00ebn q\u00eb k\u00ebrkon t\u00eb ndihet e rafinuar pa b\u00ebr\u00eb kompromis me rehatin\u00eb dhe modestin\u00eb.  Me nj\u00eb prerje fluide q\u00eb rrjedh natyrsh\u00ebm mbi trup, dhe m\u00ebng\u00eb t\u00eb gjera q\u00eb krijojn\u00eb nj\u00eb siluet\u00eb t\u00eb ve\u00e7ant\u00eb, ky model sjell nj\u00eb kombinim perfekt mes thjesht\u00ebsis\u00eb dhe luksit. P\u00eblhura me shk\u00eblqim t\u00eb leht\u00eb reflekton drit\u00ebn n\u00eb m\u00ebnyr\u00eb delikate, duke i dh\u00ebn\u00eb fustanit nj\u00eb pamje elegante n\u00eb \u00e7do l\u00ebvizje.  Ideal p\u00ebr evente speciale, darka elegante apo dalje ku d\u00ebshiron t\u00eb biesh n\u00eb sy n\u00eb m\u00ebnyr\u00eb t\u00eb sofistikuar.  Detaje:   Ngjyr\u00eb: E zez\u00eb klasike  Prerje e lirshme dhe elegante  M\u00ebng\u00eb t\u00eb gjera p\u00ebr efekt dramatik  P\u00eblhur\u00eb e but\u00eb me shk\u00eblqim subtil  E p\u00ebrshtatshme p\u00ebr evente dhe raste speciale\" \/>\n<meta property=\"og:url\" content=\"https:\/\/deliladesign.com\/index.php\/product\/midnight-abaya\/\" \/>\n<meta property=\"og:site_name\" content=\"Design by Delilah\" \/>\n<meta property=\"article:modified_time\" content=\"2026-04-08T15:19:17+00:00\" \/>\n<meta property=\"og:image\" content=\"https:\/\/deliladesign.com\/wp-content\/uploads\/2026\/04\/IMG_4825-scaled.jpeg\" \/>\n\t<meta property=\"og:image:width\" content=\"1920\" \/>\n\t<meta property=\"og:image:height\" content=\"2560\" \/>\n\t<meta property=\"og:image:type\" content=\"image\/jpeg\" \/>\n<meta name=\"twitter:card\" content=\"summary_large_image\" \/>\n<meta name=\"twitter:label1\" content=\"Est. reading time\" \/>\n\t<meta name=\"twitter:data1\" content=\"1 minute\" \/>\n<script type=\"application\/ld+json\" class=\"yoast-schema-graph\">{\"@context\":\"https:\/\/schema.org\",\"@graph\":[{\"@type\":\"WebPage\",\"@id\":\"https:\/\/deliladesign.com\/index.php\/product\/midnight-abaya\/\",\"url\":\"https:\/\/deliladesign.com\/index.php\/product\/midnight-abaya\/\",\"name\":\"Midnight abaya - Design by Delilah\",\"isPartOf\":{\"@id\":\"https:\/\/deliladesign.com\/#website\"},\"primaryImageOfPage\":{\"@id\":\"https:\/\/deliladesign.com\/index.php\/product\/midnight-abaya\/#primaryimage\"},\"image\":{\"@id\":\"https:\/\/deliladesign.com\/index.php\/product\/midnight-abaya\/#primaryimage\"},\"thumbnailUrl\":\"https:\/\/deliladesign.com\/wp-content\/uploads\/2026\/04\/IMG_4825-scaled.jpeg\",\"datePublished\":\"2026-04-08T15:19:16+00:00\",\"dateModified\":\"2026-04-08T15:19:17+00:00\",\"breadcrumb\":{\"@id\":\"https:\/\/deliladesign.com\/index.php\/product\/midnight-abaya\/#breadcrumb\"},\"inLanguage\":\"en-US\",\"potentialAction\":[{\"@type\":\"ReadAction\",\"target\":[\"https:\/\/deliladesign.com\/index.php\/product\/midnight-abaya\/\"]}]},{\"@type\":\"ImageObject\",\"inLanguage\":\"en-US\",\"@id\":\"https:\/\/deliladesign.com\/index.php\/product\/midnight-abaya\/#primaryimage\",\"url\":\"https:\/\/deliladesign.com\/wp-content\/uploads\/2026\/04\/IMG_4825-scaled.jpeg\",\"contentUrl\":\"https:\/\/deliladesign.com\/wp-content\/uploads\/2026\/04\/IMG_4825-scaled.jpeg\",\"width\":1920,\"height\":2560},{\"@type\":\"BreadcrumbList\",\"@id\":\"https:\/\/deliladesign.com\/index.php\/product\/midnight-abaya\/#breadcrumb\",\"itemListElement\":[{\"@type\":\"ListItem\",\"position\":1,\"name\":\"Home\",\"item\":\"https:\/\/deliladesign.com\/\"},{\"@type\":\"ListItem\",\"position\":2,\"name\":\"Shop\",\"item\":\"https:\/\/deliladesign.com\/index.php\/shop\/\"},{\"@type\":\"ListItem\",\"position\":3,\"name\":\"Midnight abaya\"}]},{\"@type\":\"WebSite\",\"@id\":\"https:\/\/deliladesign.com\/#website\",\"url\":\"https:\/\/deliladesign.com\/\",\"name\":\"Delila Design\",\"description\":\"Your dreams come true with us\",\"publisher\":{\"@id\":\"https:\/\/deliladesign.com\/#organization\"},\"potentialAction\":[{\"@type\":\"SearchAction\",\"target\":{\"@type\":\"EntryPoint\",\"urlTemplate\":\"https:\/\/deliladesign.com\/?s={search_term_string}\"},\"query-input\":{\"@type\":\"PropertyValueSpecification\",\"valueRequired\":true,\"valueName\":\"search_term_string\"}}],\"inLanguage\":\"en-US\"},{\"@type\":\"Organization\",\"@id\":\"https:\/\/deliladesign.com\/#organization\",\"name\":\"Delila Design\",\"url\":\"https:\/\/deliladesign.com\/\",\"logo\":{\"@type\":\"ImageObject\",\"inLanguage\":\"en-US\",\"@id\":\"https:\/\/deliladesign.com\/#\/schema\/logo\/image\/\",\"url\":\"https:\/\/deliladesign.com\/wp-content\/uploads\/2024\/10\/logo-delila.jpg\",\"contentUrl\":\"https:\/\/deliladesign.com\/wp-content\/uploads\/2024\/10\/logo-delila.jpg\",\"width\":547,\"height\":675,\"caption\":\"Delila Design\"},\"image\":{\"@id\":\"https:\/\/deliladesign.com\/#\/schema\/logo\/image\/\"}}]}<\/script>\n<!-- \/ Yoast SEO plugin. -->","yoast_head_json":{"title":"Midnight abaya - Design by Delilah","robots":{"index":"index","follow":"follow","max-snippet":"max-snippet:-1","max-image-preview":"max-image-preview:large","max-video-preview":"max-video-preview:-1"},"canonical":"https:\/\/deliladesign.com\/index.php\/product\/midnight-abaya\/","og_locale":"en_US","og_type":"article","og_title":"Midnight abaya - Design by Delilah","og_description":"Butterfly abaya  Nj\u00eb fustan q\u00eb mish\u00ebron eleganc\u00ebn e past\u00ebr dhe fines\u00ebn moderne. Noir Grace \u00ebsht\u00eb dizenjuar p\u00ebr femr\u00ebn q\u00eb k\u00ebrkon t\u00eb ndihet e rafinuar pa b\u00ebr\u00eb kompromis me rehatin\u00eb dhe modestin\u00eb.  Me nj\u00eb prerje fluide q\u00eb rrjedh natyrsh\u00ebm mbi trup, dhe m\u00ebng\u00eb t\u00eb gjera q\u00eb krijojn\u00eb nj\u00eb siluet\u00eb t\u00eb ve\u00e7ant\u00eb, ky model sjell nj\u00eb kombinim perfekt mes thjesht\u00ebsis\u00eb dhe luksit. P\u00eblhura me shk\u00eblqim t\u00eb leht\u00eb reflekton drit\u00ebn n\u00eb m\u00ebnyr\u00eb delikate, duke i dh\u00ebn\u00eb fustanit nj\u00eb pamje elegante n\u00eb \u00e7do l\u00ebvizje.  Ideal p\u00ebr evente speciale, darka elegante apo dalje ku d\u00ebshiron t\u00eb biesh n\u00eb sy n\u00eb m\u00ebnyr\u00eb t\u00eb sofistikuar.  Detaje:   Ngjyr\u00eb: E zez\u00eb klasike  Prerje e lirshme dhe elegante  M\u00ebng\u00eb t\u00eb gjera p\u00ebr efekt dramatik  P\u00eblhur\u00eb e but\u00eb me shk\u00eblqim subtil  E p\u00ebrshtatshme p\u00ebr evente dhe raste speciale","og_url":"https:\/\/deliladesign.com\/index.php\/product\/midnight-abaya\/","og_site_name":"Design by Delilah","article_modified_time":"2026-04-08T15:19:17+00:00","og_image":[{"width":1920,"height":2560,"url":"https:\/\/deliladesign.com\/wp-content\/uploads\/2026\/04\/IMG_4825-scaled.jpeg","type":"image\/jpeg"}],"twitter_card":"summary_large_image","twitter_misc":{"Est. reading time":"1 minute"},"schema":{"@context":"https:\/\/schema.org","@graph":[{"@type":"WebPage","@id":"https:\/\/deliladesign.com\/index.php\/product\/midnight-abaya\/","url":"https:\/\/deliladesign.com\/index.php\/product\/midnight-abaya\/","name":"Midnight abaya - Design by Delilah","isPartOf":{"@id":"https:\/\/deliladesign.com\/#website"},"primaryImageOfPage":{"@id":"https:\/\/deliladesign.com\/index.php\/product\/midnight-abaya\/#primaryimage"},"image":{"@id":"https:\/\/deliladesign.com\/index.php\/product\/midnight-abaya\/#primaryimage"},"thumbnailUrl":"https:\/\/deliladesign.com\/wp-content\/uploads\/2026\/04\/IMG_4825-scaled.jpeg","datePublished":"2026-04-08T15:19:16+00:00","dateModified":"2026-04-08T15:19:17+00:00","breadcrumb":{"@id":"https:\/\/deliladesign.com\/index.php\/product\/midnight-abaya\/#breadcrumb"},"inLanguage":"en-US","potentialAction":[{"@type":"ReadAction","target":["https:\/\/deliladesign.com\/index.php\/product\/midnight-abaya\/"]}]},{"@type":"ImageObject","inLanguage":"en-US","@id":"https:\/\/deliladesign.com\/index.php\/product\/midnight-abaya\/#primaryimage","url":"https:\/\/deliladesign.com\/wp-content\/uploads\/2026\/04\/IMG_4825-scaled.jpeg","contentUrl":"https:\/\/deliladesign.com\/wp-content\/uploads\/2026\/04\/IMG_4825-scaled.jpeg","width":1920,"height":2560},{"@type":"BreadcrumbList","@id":"https:\/\/deliladesign.com\/index.php\/product\/midnight-abaya\/#breadcrumb","itemListElement":[{"@type":"ListItem","position":1,"name":"Home","item":"https:\/\/deliladesign.com\/"},{"@type":"ListItem","position":2,"name":"Shop","item":"https:\/\/deliladesign.com\/index.php\/shop\/"},{"@type":"ListItem","position":3,"name":"Midnight abaya"}]},{"@type":"WebSite","@id":"https:\/\/deliladesign.com\/#website","url":"https:\/\/deliladesign.com\/","name":"Delila Design","description":"Your dreams come true with us","publisher":{"@id":"https:\/\/deliladesign.com\/#organization"},"potentialAction":[{"@type":"SearchAction","target":{"@type":"EntryPoint","urlTemplate":"https:\/\/deliladesign.com\/?s={search_term_string}"},"query-input":{"@type":"PropertyValueSpecification","valueRequired":true,"valueName":"search_term_string"}}],"inLanguage":"en-US"},{"@type":"Organization","@id":"https:\/\/deliladesign.com\/#organization","name":"Delila Design","url":"https:\/\/deliladesign.com\/","logo":{"@type":"ImageObject","inLanguage":"en-US","@id":"https:\/\/deliladesign.com\/#\/schema\/logo\/image\/","url":"https:\/\/deliladesign.com\/wp-content\/uploads\/2024\/10\/logo-delila.jpg","contentUrl":"https:\/\/deliladesign.com\/wp-content\/uploads\/2024\/10\/logo-delila.jpg","width":547,"height":675,"caption":"Delila Design"},"image":{"@id":"https:\/\/deliladesign.com\/#\/schema\/logo\/image\/"}}]}},"_links":{"self":[{"href":"https:\/\/deliladesign.com\/index.php\/wp-json\/wp\/v2\/product\/21897","targetHints":{"allow":["GET"]}}],"collection":[{"href":"https:\/\/deliladesign.com\/index.php\/wp-json\/wp\/v2\/product"}],"about":[{"href":"https:\/\/deliladesign.com\/index.php\/wp-json\/wp\/v2\/types\/product"}],"replies":[{"embeddable":true,"href":"https:\/\/deliladesign.com\/index.php\/wp-json\/wp\/v2\/comments?post=21897"}],"version-history":[{"count":1,"href":"https:\/\/deliladesign.com\/index.php\/wp-json\/wp\/v2\/product\/21897\/revisions"}],"predecessor-version":[{"id":21906,"href":"https:\/\/deliladesign.com\/index.php\/wp-json\/wp\/v2\/product\/21897\/revisions\/21906"}],"wp:featuredmedia":[{"embeddable":true,"href":"https:\/\/deliladesign.com\/index.php\/wp-json\/wp\/v2\/media\/21900"}],"wp:attachment":[{"href":"https:\/\/deliladesign.com\/index.php\/wp-json\/wp\/v2\/media?parent=21897"}],"wp:term":[{"taxonomy":"product_brand","embeddable":true,"href":"https:\/\/deliladesign.com\/index.php\/wp-json\/wp\/v2\/product_brand?post=21897"},{"taxonomy":"product_cat","embeddable":true,"href":"https:\/\/deliladesign.com\/index.php\/wp-json\/wp\/v2\/product_cat?post=21897"},{"taxonomy":"product_tag","embeddable":true,"href":"https:\/\/deliladesign.com\/index.php\/wp-json\/wp\/v2\/product_tag?post=21897"},{"taxonomy":"location","embeddable":true,"href":"https:\/\/deliladesign.com\/index.php\/wp-json\/wp\/v2\/location?post=21897"}],"curies":[{"name":"wp","href":"https:\/\/api.w.org\/{rel}","templated":true}]}}