{"id":21919,"date":"2026-04-08T15:28:11","date_gmt":"2026-04-08T15:28:11","guid":{"rendered":"https:\/\/deliladesign.com\/?post_type=product&#038;p=21919"},"modified":"2026-04-08T15:28:12","modified_gmt":"2026-04-08T15:28:12","slug":"noir-elegance-abaya-set","status":"publish","type":"product","link":"https:\/\/deliladesign.com\/index.php\/product\/noir-elegance-abaya-set\/","title":{"rendered":"Noir Elegance Abaya Set"},"content":{"rendered":"","protected":false},"excerpt":{"rendered":"<p>Nj\u00eb set i rafinuar q\u00eb kombinon eleganc\u00ebn klasike me nj\u00eb prekje moderne, Noir Elegance Abaya Set \u00ebsht\u00eb zgjedhja perfekte p\u00ebr nj\u00eb look t\u00eb kuruar n\u00eb \u00e7do detaj.<\/p>\n<p>Ky set p\u00ebrb\u00ebhet nga nj\u00eb fustan i brendsh\u00ebm minimalist dhe nj\u00eb abaya e hapur me prerje fluide, e cila shton dimension dhe l\u00ebvizje n\u00eb \u00e7do hap. Rripi n\u00eb bel lejon p\u00ebrshtatje sipas d\u00ebshir\u00ebs, duke theksuar leht\u00ebsisht siluet\u00ebn pa humbur rehatin\u00eb.<\/p>\n<p>P\u00eblhura e but\u00eb dhe e rrjedhshme krijon nj\u00eb pamje luksoze dhe elegante, duke e b\u00ebr\u00eb k\u00ebt\u00eb set ideal si p\u00ebr evente speciale ashtu edhe p\u00ebr p\u00ebrdorim t\u00eb p\u00ebrditsh\u00ebm me stil.<\/p>\n<p>Detaje:<\/p>\n<ul>\n<li>Set 2 pjes\u00eb: fustan i brendsh\u00ebm + abaya e hapur<\/li>\n<li>Ngjyr\u00eb: E zez\u00eb klasike<\/li>\n<li>Rrip n\u00eb bel p\u00ebr rregullim<\/li>\n<li>Prerje elegante dhe rrjedh\u00ebse<\/li>\n<li>P\u00eblhur\u00eb e but\u00eb, komode dhe me pamje luksoze<\/li>\n<li>E p\u00ebrshtatshme p\u00ebr evente dhe veshje ditore elegante<\/li>\n<\/ul>\n","protected":false},"featured_media":21920,"comment_status":"closed","ping_status":"closed","template":"","meta":[],"product_brand":[],"product_cat":[15,141],"product_tag":[],"location":[],"class_list":{"0":"post-21919","1":"product","2":"type-product","3":"status-publish","4":"has-post-thumbnail","6":"product_cat-uncategorized","7":"product_cat-modest","8":"ninetheme_product_brands-design-by-delilah","9":"nt-post-class","10":"","16":"first","17":"instock","18":"taxable","19":"shipping-taxable","20":"purchasable","21":"product-type-simple"},"yoast_head":"<!-- This site is optimized with the Yoast SEO plugin v26.2 - https:\/\/yoast.com\/wordpress\/plugins\/seo\/ -->\n<title>Noir Elegance Abaya Set - Design by Delilah<\/title>\n<meta name=\"robots\" content=\"index, follow, max-snippet:-1, max-image-preview:large, max-video-preview:-1\" \/>\n<link rel=\"canonical\" href=\"https:\/\/deliladesign.com\/index.php\/product\/noir-elegance-abaya-set\/\" \/>\n<meta property=\"og:locale\" content=\"en_US\" \/>\n<meta property=\"og:type\" content=\"article\" \/>\n<meta property=\"og:title\" content=\"Noir Elegance Abaya Set - Design by Delilah\" \/>\n<meta property=\"og:description\" content=\"Nj\u00eb set i rafinuar q\u00eb kombinon eleganc\u00ebn klasike me nj\u00eb prekje moderne, Noir Elegance Abaya Set \u00ebsht\u00eb zgjedhja perfekte p\u00ebr nj\u00eb look t\u00eb kuruar n\u00eb \u00e7do detaj.  Ky set p\u00ebrb\u00ebhet nga nj\u00eb fustan i brendsh\u00ebm minimalist dhe nj\u00eb abaya e hapur me prerje fluide, e cila shton dimension dhe l\u00ebvizje n\u00eb \u00e7do hap. Rripi n\u00eb bel lejon p\u00ebrshtatje sipas d\u00ebshir\u00ebs, duke theksuar leht\u00ebsisht siluet\u00ebn pa humbur rehatin\u00eb.  P\u00eblhura e but\u00eb dhe e rrjedhshme krijon nj\u00eb pamje luksoze dhe elegante, duke e b\u00ebr\u00eb k\u00ebt\u00eb set ideal si p\u00ebr evente speciale ashtu edhe p\u00ebr p\u00ebrdorim t\u00eb p\u00ebrditsh\u00ebm me stil.  Detaje:   Set 2 pjes\u00eb: fustan i brendsh\u00ebm + abaya e hapur  Ngjyr\u00eb: E zez\u00eb klasike  Rrip n\u00eb bel p\u00ebr rregullim  Prerje elegante dhe rrjedh\u00ebse  P\u00eblhur\u00eb e but\u00eb, komode dhe me pamje luksoze  E p\u00ebrshtatshme p\u00ebr evente dhe veshje ditore elegante\" \/>\n<meta property=\"og:url\" content=\"https:\/\/deliladesign.com\/index.php\/product\/noir-elegance-abaya-set\/\" \/>\n<meta property=\"og:site_name\" content=\"Design by Delilah\" \/>\n<meta property=\"article:modified_time\" content=\"2026-04-08T15:28:12+00:00\" \/>\n<meta property=\"og:image\" content=\"https:\/\/deliladesign.com\/wp-content\/uploads\/2026\/04\/IMG_4848-scaled.jpeg\" \/>\n\t<meta property=\"og:image:width\" content=\"1920\" \/>\n\t<meta property=\"og:image:height\" content=\"2560\" \/>\n\t<meta property=\"og:image:type\" content=\"image\/jpeg\" \/>\n<meta name=\"twitter:card\" content=\"summary_large_image\" \/>\n<meta name=\"twitter:label1\" content=\"Est. reading time\" \/>\n\t<meta name=\"twitter:data1\" content=\"1 minute\" \/>\n<script type=\"application\/ld+json\" class=\"yoast-schema-graph\">{\"@context\":\"https:\/\/schema.org\",\"@graph\":[{\"@type\":\"WebPage\",\"@id\":\"https:\/\/deliladesign.com\/index.php\/product\/noir-elegance-abaya-set\/\",\"url\":\"https:\/\/deliladesign.com\/index.php\/product\/noir-elegance-abaya-set\/\",\"name\":\"Noir Elegance Abaya Set - Design by Delilah\",\"isPartOf\":{\"@id\":\"https:\/\/deliladesign.com\/#website\"},\"primaryImageOfPage\":{\"@id\":\"https:\/\/deliladesign.com\/index.php\/product\/noir-elegance-abaya-set\/#primaryimage\"},\"image\":{\"@id\":\"https:\/\/deliladesign.com\/index.php\/product\/noir-elegance-abaya-set\/#primaryimage\"},\"thumbnailUrl\":\"https:\/\/deliladesign.com\/wp-content\/uploads\/2026\/04\/IMG_4848-scaled.jpeg\",\"datePublished\":\"2026-04-08T15:28:11+00:00\",\"dateModified\":\"2026-04-08T15:28:12+00:00\",\"breadcrumb\":{\"@id\":\"https:\/\/deliladesign.com\/index.php\/product\/noir-elegance-abaya-set\/#breadcrumb\"},\"inLanguage\":\"en-US\",\"potentialAction\":[{\"@type\":\"ReadAction\",\"target\":[\"https:\/\/deliladesign.com\/index.php\/product\/noir-elegance-abaya-set\/\"]}]},{\"@type\":\"ImageObject\",\"inLanguage\":\"en-US\",\"@id\":\"https:\/\/deliladesign.com\/index.php\/product\/noir-elegance-abaya-set\/#primaryimage\",\"url\":\"https:\/\/deliladesign.com\/wp-content\/uploads\/2026\/04\/IMG_4848-scaled.jpeg\",\"contentUrl\":\"https:\/\/deliladesign.com\/wp-content\/uploads\/2026\/04\/IMG_4848-scaled.jpeg\",\"width\":1920,\"height\":2560},{\"@type\":\"BreadcrumbList\",\"@id\":\"https:\/\/deliladesign.com\/index.php\/product\/noir-elegance-abaya-set\/#breadcrumb\",\"itemListElement\":[{\"@type\":\"ListItem\",\"position\":1,\"name\":\"Home\",\"item\":\"https:\/\/deliladesign.com\/\"},{\"@type\":\"ListItem\",\"position\":2,\"name\":\"Shop\",\"item\":\"https:\/\/deliladesign.com\/index.php\/shop\/\"},{\"@type\":\"ListItem\",\"position\":3,\"name\":\"Noir Elegance Abaya Set\"}]},{\"@type\":\"WebSite\",\"@id\":\"https:\/\/deliladesign.com\/#website\",\"url\":\"https:\/\/deliladesign.com\/\",\"name\":\"Delila Design\",\"description\":\"Your dreams come true with us\",\"publisher\":{\"@id\":\"https:\/\/deliladesign.com\/#organization\"},\"potentialAction\":[{\"@type\":\"SearchAction\",\"target\":{\"@type\":\"EntryPoint\",\"urlTemplate\":\"https:\/\/deliladesign.com\/?s={search_term_string}\"},\"query-input\":{\"@type\":\"PropertyValueSpecification\",\"valueRequired\":true,\"valueName\":\"search_term_string\"}}],\"inLanguage\":\"en-US\"},{\"@type\":\"Organization\",\"@id\":\"https:\/\/deliladesign.com\/#organization\",\"name\":\"Delila Design\",\"url\":\"https:\/\/deliladesign.com\/\",\"logo\":{\"@type\":\"ImageObject\",\"inLanguage\":\"en-US\",\"@id\":\"https:\/\/deliladesign.com\/#\/schema\/logo\/image\/\",\"url\":\"https:\/\/deliladesign.com\/wp-content\/uploads\/2024\/10\/logo-delila.jpg\",\"contentUrl\":\"https:\/\/deliladesign.com\/wp-content\/uploads\/2024\/10\/logo-delila.jpg\",\"width\":547,\"height\":675,\"caption\":\"Delila Design\"},\"image\":{\"@id\":\"https:\/\/deliladesign.com\/#\/schema\/logo\/image\/\"}}]}<\/script>\n<!-- \/ Yoast SEO plugin. -->","yoast_head_json":{"title":"Noir Elegance Abaya Set - Design by Delilah","robots":{"index":"index","follow":"follow","max-snippet":"max-snippet:-1","max-image-preview":"max-image-preview:large","max-video-preview":"max-video-preview:-1"},"canonical":"https:\/\/deliladesign.com\/index.php\/product\/noir-elegance-abaya-set\/","og_locale":"en_US","og_type":"article","og_title":"Noir Elegance Abaya Set - Design by Delilah","og_description":"Nj\u00eb set i rafinuar q\u00eb kombinon eleganc\u00ebn klasike me nj\u00eb prekje moderne, Noir Elegance Abaya Set \u00ebsht\u00eb zgjedhja perfekte p\u00ebr nj\u00eb look t\u00eb kuruar n\u00eb \u00e7do detaj.  Ky set p\u00ebrb\u00ebhet nga nj\u00eb fustan i brendsh\u00ebm minimalist dhe nj\u00eb abaya e hapur me prerje fluide, e cila shton dimension dhe l\u00ebvizje n\u00eb \u00e7do hap. Rripi n\u00eb bel lejon p\u00ebrshtatje sipas d\u00ebshir\u00ebs, duke theksuar leht\u00ebsisht siluet\u00ebn pa humbur rehatin\u00eb.  P\u00eblhura e but\u00eb dhe e rrjedhshme krijon nj\u00eb pamje luksoze dhe elegante, duke e b\u00ebr\u00eb k\u00ebt\u00eb set ideal si p\u00ebr evente speciale ashtu edhe p\u00ebr p\u00ebrdorim t\u00eb p\u00ebrditsh\u00ebm me stil.  Detaje:   Set 2 pjes\u00eb: fustan i brendsh\u00ebm + abaya e hapur  Ngjyr\u00eb: E zez\u00eb klasike  Rrip n\u00eb bel p\u00ebr rregullim  Prerje elegante dhe rrjedh\u00ebse  P\u00eblhur\u00eb e but\u00eb, komode dhe me pamje luksoze  E p\u00ebrshtatshme p\u00ebr evente dhe veshje ditore elegante","og_url":"https:\/\/deliladesign.com\/index.php\/product\/noir-elegance-abaya-set\/","og_site_name":"Design by Delilah","article_modified_time":"2026-04-08T15:28:12+00:00","og_image":[{"width":1920,"height":2560,"url":"https:\/\/deliladesign.com\/wp-content\/uploads\/2026\/04\/IMG_4848-scaled.jpeg","type":"image\/jpeg"}],"twitter_card":"summary_large_image","twitter_misc":{"Est. reading time":"1 minute"},"schema":{"@context":"https:\/\/schema.org","@graph":[{"@type":"WebPage","@id":"https:\/\/deliladesign.com\/index.php\/product\/noir-elegance-abaya-set\/","url":"https:\/\/deliladesign.com\/index.php\/product\/noir-elegance-abaya-set\/","name":"Noir Elegance Abaya Set - Design by Delilah","isPartOf":{"@id":"https:\/\/deliladesign.com\/#website"},"primaryImageOfPage":{"@id":"https:\/\/deliladesign.com\/index.php\/product\/noir-elegance-abaya-set\/#primaryimage"},"image":{"@id":"https:\/\/deliladesign.com\/index.php\/product\/noir-elegance-abaya-set\/#primaryimage"},"thumbnailUrl":"https:\/\/deliladesign.com\/wp-content\/uploads\/2026\/04\/IMG_4848-scaled.jpeg","datePublished":"2026-04-08T15:28:11+00:00","dateModified":"2026-04-08T15:28:12+00:00","breadcrumb":{"@id":"https:\/\/deliladesign.com\/index.php\/product\/noir-elegance-abaya-set\/#breadcrumb"},"inLanguage":"en-US","potentialAction":[{"@type":"ReadAction","target":["https:\/\/deliladesign.com\/index.php\/product\/noir-elegance-abaya-set\/"]}]},{"@type":"ImageObject","inLanguage":"en-US","@id":"https:\/\/deliladesign.com\/index.php\/product\/noir-elegance-abaya-set\/#primaryimage","url":"https:\/\/deliladesign.com\/wp-content\/uploads\/2026\/04\/IMG_4848-scaled.jpeg","contentUrl":"https:\/\/deliladesign.com\/wp-content\/uploads\/2026\/04\/IMG_4848-scaled.jpeg","width":1920,"height":2560},{"@type":"BreadcrumbList","@id":"https:\/\/deliladesign.com\/index.php\/product\/noir-elegance-abaya-set\/#breadcrumb","itemListElement":[{"@type":"ListItem","position":1,"name":"Home","item":"https:\/\/deliladesign.com\/"},{"@type":"ListItem","position":2,"name":"Shop","item":"https:\/\/deliladesign.com\/index.php\/shop\/"},{"@type":"ListItem","position":3,"name":"Noir Elegance Abaya Set"}]},{"@type":"WebSite","@id":"https:\/\/deliladesign.com\/#website","url":"https:\/\/deliladesign.com\/","name":"Delila Design","description":"Your dreams come true with us","publisher":{"@id":"https:\/\/deliladesign.com\/#organization"},"potentialAction":[{"@type":"SearchAction","target":{"@type":"EntryPoint","urlTemplate":"https:\/\/deliladesign.com\/?s={search_term_string}"},"query-input":{"@type":"PropertyValueSpecification","valueRequired":true,"valueName":"search_term_string"}}],"inLanguage":"en-US"},{"@type":"Organization","@id":"https:\/\/deliladesign.com\/#organization","name":"Delila Design","url":"https:\/\/deliladesign.com\/","logo":{"@type":"ImageObject","inLanguage":"en-US","@id":"https:\/\/deliladesign.com\/#\/schema\/logo\/image\/","url":"https:\/\/deliladesign.com\/wp-content\/uploads\/2024\/10\/logo-delila.jpg","contentUrl":"https:\/\/deliladesign.com\/wp-content\/uploads\/2024\/10\/logo-delila.jpg","width":547,"height":675,"caption":"Delila Design"},"image":{"@id":"https:\/\/deliladesign.com\/#\/schema\/logo\/image\/"}}]}},"_links":{"self":[{"href":"https:\/\/deliladesign.com\/index.php\/wp-json\/wp\/v2\/product\/21919","targetHints":{"allow":["GET"]}}],"collection":[{"href":"https:\/\/deliladesign.com\/index.php\/wp-json\/wp\/v2\/product"}],"about":[{"href":"https:\/\/deliladesign.com\/index.php\/wp-json\/wp\/v2\/types\/product"}],"replies":[{"embeddable":true,"href":"https:\/\/deliladesign.com\/index.php\/wp-json\/wp\/v2\/comments?post=21919"}],"version-history":[{"count":1,"href":"https:\/\/deliladesign.com\/index.php\/wp-json\/wp\/v2\/product\/21919\/revisions"}],"predecessor-version":[{"id":21926,"href":"https:\/\/deliladesign.com\/index.php\/wp-json\/wp\/v2\/product\/21919\/revisions\/21926"}],"wp:featuredmedia":[{"embeddable":true,"href":"https:\/\/deliladesign.com\/index.php\/wp-json\/wp\/v2\/media\/21920"}],"wp:attachment":[{"href":"https:\/\/deliladesign.com\/index.php\/wp-json\/wp\/v2\/media?parent=21919"}],"wp:term":[{"taxonomy":"product_brand","embeddable":true,"href":"https:\/\/deliladesign.com\/index.php\/wp-json\/wp\/v2\/product_brand?post=21919"},{"taxonomy":"product_cat","embeddable":true,"href":"https:\/\/deliladesign.com\/index.php\/wp-json\/wp\/v2\/product_cat?post=21919"},{"taxonomy":"product_tag","embeddable":true,"href":"https:\/\/deliladesign.com\/index.php\/wp-json\/wp\/v2\/product_tag?post=21919"},{"taxonomy":"location","embeddable":true,"href":"https:\/\/deliladesign.com\/index.php\/wp-json\/wp\/v2\/location?post=21919"}],"curies":[{"name":"wp","href":"https:\/\/api.w.org\/{rel}","templated":true}]}}